{"id":20,"date":"2022-03-17T02:36:45","date_gmt":"2022-03-16T17:36:45","guid":{"rendered":"http:\/\/www.superinterface.co.jp\/?page_id=20"},"modified":"2023-05-08T15:15:01","modified_gmt":"2023-05-08T06:15:01","slug":"contact","status":"publish","type":"page","link":"http:\/\/www.superinterface.co.jp\/?page_id=20","title":{"rendered":"\u304a\u554f\u3044\u5408\u308f\u305b"},"content":{"rendered":"\t\t<div data-elementor-type=\"wp-page\" data-elementor-id=\"20\" class=\"elementor elementor-20\">\n\t\t\t\t\t\t\t\t\t<section class=\"elementor-section elementor-top-section elementor-element elementor-element-1b2fa771 elementor-section-full_width elementor-section-height-default elementor-section-height-default\" data-id=\"1b2fa771\" data-element_type=\"section\">\n\t\t\t\t\t\t<div class=\"elementor-container elementor-column-gap-default\">\n\t\t\t\t\t<div class=\"elementor-column elementor-col-100 elementor-top-column elementor-element elementor-element-32befe4b\" data-id=\"32befe4b\" data-element_type=\"column\">\n\t\t\t<div class=\"elementor-widget-wrap elementor-element-populated\">\n\t\t\t\t\t\t\t\t<div class=\"elementor-element elementor-element-547a91d elementor-widget elementor-widget-spacer\" data-id=\"547a91d\" data-element_type=\"widget\" data-widget_type=\"spacer.default\">\n\t\t\t\t<div class=\"elementor-widget-container\">\n\t\t\t<style>\/*! elementor - v3.6.1 - 23-03-2022 *\/\n.e-container.e-container--row .elementor-spacer-inner{width:var(--spacer-size)}.e-container.e-container--column .elementor-spacer-inner,.elementor-column .elementor-spacer-inner{height:var(--spacer-size)}<\/style>\t\t<div class=\"elementor-spacer\">\n\t\t\t<div class=\"elementor-spacer-inner\"><\/div>\n\t\t<\/div>\n\t\t\t\t<\/div>\n\t\t\t\t<\/div>\n\t\t\t\t<div class=\"elementor-element elementor-element-6de9f6d elementor-widget elementor-widget-heading\" data-id=\"6de9f6d\" data-element_type=\"widget\" data-widget_type=\"heading.default\">\n\t\t\t\t<div class=\"elementor-widget-container\">\n\t\t\t<style>\/*! elementor - v3.6.1 - 23-03-2022 *\/\n.elementor-heading-title{padding:0;margin:0;line-height:1}.elementor-widget-heading .elementor-heading-title[class*=elementor-size-]>a{color:inherit;font-size:inherit;line-height:inherit}.elementor-widget-heading .elementor-heading-title.elementor-size-small{font-size:15px}.elementor-widget-heading .elementor-heading-title.elementor-size-medium{font-size:19px}.elementor-widget-heading .elementor-heading-title.elementor-size-large{font-size:29px}.elementor-widget-heading .elementor-heading-title.elementor-size-xl{font-size:39px}.elementor-widget-heading .elementor-heading-title.elementor-size-xxl{font-size:59px}<\/style><h2 class=\"elementor-heading-title elementor-size-default\">\u304a\u554f\u3044\u5408\u308f\u305b<\/h2>\t\t<\/div>\n\t\t\t\t<\/div>\n\t\t\t\t<div class=\"elementor-element elementor-element-8ab0368 elementor-widget elementor-widget-text-editor\" data-id=\"8ab0368\" data-element_type=\"widget\" data-widget_type=\"text-editor.default\">\n\t\t\t\t<div class=\"elementor-widget-container\">\n\t\t\t<style>\/*! elementor - v3.6.1 - 23-03-2022 *\/\n.elementor-widget-text-editor.elementor-drop-cap-view-stacked .elementor-drop-cap{background-color:#818a91;color:#fff}.elementor-widget-text-editor.elementor-drop-cap-view-framed .elementor-drop-cap{color:#818a91;border:3px solid;background-color:transparent}.elementor-widget-text-editor:not(.elementor-drop-cap-view-default) .elementor-drop-cap{margin-top:8px}.elementor-widget-text-editor:not(.elementor-drop-cap-view-default) .elementor-drop-cap-letter{width:1em;height:1em}.elementor-widget-text-editor .elementor-drop-cap{float:left;text-align:center;line-height:1;font-size:50px}.elementor-widget-text-editor .elementor-drop-cap-letter{display:inline-block}<\/style>\t\t\t\t<div class=\"con-p\">\n\n\u3054\u76f8\u8ac7\u30fb\u304a\u554f\u3044\u5408\u308f\u305b\u306b\u3064\u304d\u307e\u3057\u3066\u306f\u4ee5\u4e0b\u306e\u5fc5\u8981\u4e8b\u9805\u3092\u3054\u5165\u529b\u306e\u4e0a\u3001\u304a\u554f\u3044\u5408\u308f\u305b\u304f\u3060\u3055\u3044\u3002<br>\n\u62c5\u5f53\u3088\u308a\u30e1\u30fc\u30eb\u306b\u3066\u8fd4\u4fe1\u3092\u3055\u305b\u3066\u9802\u304d\u307e\u3059\u3002\n\uff08<strong><span class=\"hissu\">[\u5fc5\u9808]<\/span><\/strong>\u306f\u5fc5\u9808\u9805\u76ee\u3068\u306a\u308a\u307e\u3059\u3002\uff09\n\n<\/div>\t\t\t\t\t\t<\/div>\n\t\t\t\t<\/div>\n\t\t\t\t<div class=\"elementor-element elementor-element-2476899b elementor-widget elementor-widget-shortcode\" data-id=\"2476899b\" data-element_type=\"widget\" data-widget_type=\"shortcode.default\">\n\t\t\t\t<div class=\"elementor-widget-container\">\n\t\t\t\t\t<div class=\"elementor-shortcode\"><div role=\"form\" class=\"wpcf7\" id=\"wpcf7-f721-o1\" lang=\"ja\" dir=\"ltr\">\n<div class=\"screen-reader-response\"><p role=\"status\" aria-live=\"polite\" aria-atomic=\"true\"><\/p> <ul><\/ul><\/div>\n<form action=\"\/index.php?rest_route=%2Fwp%2Fv2%2Fpages%2F20#wpcf7-f721-o1\" method=\"post\" class=\"wpcf7-form init\" novalidate=\"novalidate\" data-status=\"init\">\n<div style=\"display: none;\">\n<input type=\"hidden\" name=\"_wpcf7\" value=\"721\" \/>\n<input type=\"hidden\" name=\"_wpcf7_version\" value=\"5.5.6.1\" \/>\n<input type=\"hidden\" name=\"_wpcf7_locale\" value=\"ja\" \/>\n<input type=\"hidden\" name=\"_wpcf7_unit_tag\" value=\"wpcf7-f721-o1\" \/>\n<input type=\"hidden\" name=\"_wpcf7_container_post\" value=\"0\" \/>\n<input type=\"hidden\" name=\"_wpcf7_posted_data_hash\" value=\"\" \/>\n<\/div>\n<table class=\"CF7_table\">\n<tr>\n<th><span class=\"CF7_req\">\u5fc5\u9808<\/span> \u3054\u76f8\u8ac7\u5185\u5bb9<\/th>\n<td><span class=\"wpcf7-form-control-wrap menu-518\"><select name=\"menu-518\" class=\"wpcf7-form-control wpcf7-select wpcf7-validates-as-required\" aria-required=\"true\" aria-invalid=\"false\"><option value=\"\">---<\/option><option value=\"\u30db\u30fc\u30e0\u30da\u30fc\u30b8\u5236\u4f5c\u306b\u3064\u3044\u3066\">\u30db\u30fc\u30e0\u30da\u30fc\u30b8\u5236\u4f5c\u306b\u3064\u3044\u3066<\/option><option value=\"\u5e83\u544a\u904b\u7528\u4ee3\u884c\u306b\u3064\u3044\u3066\">\u5e83\u544a\u904b\u7528\u4ee3\u884c\u306b\u3064\u3044\u3066<\/option><option value=\"SEO\u5bfe\u7b56\u306b\u3064\u3044\u3066\">SEO\u5bfe\u7b56\u306b\u3064\u3044\u3066<\/option><option value=\"\u30db\u30fc\u30e0\u30da\u30fc\u30b8\u904b\u7528\u4fdd\u5b88\u306b\u3064\u3044\u3066\">\u30db\u30fc\u30e0\u30da\u30fc\u30b8\u904b\u7528\u4fdd\u5b88\u306b\u3064\u3044\u3066<\/option><\/select><\/span><\/td>\n<\/tr>\n<tr>\n<th><span class=\"CF7_req\">\u5fc5\u9808<\/span> \u304a\u540d\u524d<\/th>\n<td><span class=\"wpcf7-form-control-wrap your-name\"><input type=\"text\" name=\"your-name\" value=\"\" size=\"40\" class=\"wpcf7-form-control wpcf7-text wpcf7-validates-as-required\" aria-required=\"true\" aria-invalid=\"false\" placeholder=\"\u4f8b\uff1a\u3042\u306a\u305f\u306e\u304a\u540d\u524d\" \/><\/span> <\/td>\n<\/tr>\n<tr>\n<th><span class=\"CF7_req\">\u5fc5\u9808<\/span> \u30e1\u30fc\u30eb\u30a2\u30c9\u30ec\u30b9<\/th>\n<td><span class=\"wpcf7-form-control-wrap your-email\"><input type=\"email\" name=\"your-email\" value=\"\" size=\"40\" class=\"wpcf7-form-control wpcf7-text wpcf7-email wpcf7-validates-as-required wpcf7-validates-as-email\" aria-required=\"true\" aria-invalid=\"false\" placeholder=\"\u4f8b\uff1a\u00d7\u00d7\u00d7@\u00d7\u00d7\u00d7.com\" \/><\/span><\/td>\n<\/tr>\n<tr>\n<th><span class=\"CF7_unreq\">\u4efb\u610f<\/span>\u4f1a\u793e\u540d<\/th>\n<td><span class=\"wpcf7-form-control-wrap your-company\"><input type=\"text\" name=\"your-company\" value=\"\" size=\"40\" class=\"wpcf7-form-control wpcf7-text\" aria-invalid=\"false\" placeholder=\"\u4f8b\uff1a\u25ef\u25ef\u682a\u5f0f\u4f1a\u793e\" \/><\/span><\/td>\n<\/tr>\n<tr>\n<th><span class=\"CF7_unreq\">\u4efb\u610f<\/span>\u304a\u96fb\u8a71\u756a\u53f7<\/th>\n<td><span class=\"wpcf7-form-control-wrap your-tel\"><input type=\"text\" name=\"your-tel\" value=\"\" size=\"40\" class=\"wpcf7-form-control wpcf7-text\" aria-invalid=\"false\" placeholder=\"\u4f8b\uff1a03-1234-5678\" \/><\/span><\/td>\n<\/tr>\n<tr>\n<th><span class=\"CF7_req\">\u5fc5\u9808<\/span>\u30e1\u30c3\u30bb\u30fc\u30b8\u672c\u6587<\/th>\n<td class=\"message-100\"><span class=\"wpcf7-form-control-wrap your-message\"><textarea name=\"your-message\" cols=\"40\" rows=\"10\" class=\"wpcf7-form-control wpcf7-textarea wpcf7-validates-as-required\" aria-required=\"true\" aria-invalid=\"false\" placeholder=\"\u304a\u554f\u3044\u5408\u308f\u305b\u5185\u5bb9\u3092\u3054\u8a18\u5165\u304f\u3060\u3055\u3044\"><\/textarea><\/span>\u3000\t\t<\/td>\n<\/tr>\n<\/table>\n<div class=\"submit_btn\">\n<input type=\"submit\" value=\"\u5165\u529b\u5185\u5bb9\u3092\u78ba\u8a8d\u3059\u308b\" class=\"wpcf7-form-control has-spinner wpcf7-submit\" \/><br \/>\n<input type=\"hidden\" name=\"_cf7msm_multistep_tag\" value=\"{&quot;first_step&quot;:1,&quot;next_url&quot;:&quot;http:\\\/\\\/www.superinterface.co.jp\\\/?page_id=773&quot;}\" class=\"wpcf7-form-control cf7msm-multistep wpcf7-multistep\" \/><input type=\"hidden\" name=\"cf7msm-no-ss\" value=\"\" \/>\n<\/div>\n<div class=\"wpcf7-response-output\" aria-hidden=\"true\"><\/div><\/form><\/div><\/div>\n\t\t\t\t<\/div>\n\t\t\t\t<\/div>\n\t\t\t\t<div class=\"elementor-element elementor-element-bec39f0 elementor-widget elementor-widget-spacer\" data-id=\"bec39f0\" data-element_type=\"widget\" data-widget_type=\"spacer.default\">\n\t\t\t\t<div class=\"elementor-widget-container\">\n\t\t\t\t\t<div class=\"elementor-spacer\">\n\t\t\t<div class=\"elementor-spacer-inner\"><\/div>\n\t\t<\/div>\n\t\t\t\t<\/div>\n\t\t\t\t<\/div>\n\t\t\t\t\t<\/div>\n\t\t<\/div>\n\t\t\t\t\t\t\t<\/div>\n\t\t<\/section>\n\t\t\t\t\t\t\t<\/div>\n\t\t","protected":false},"excerpt":{"rendered":"<p>\u304a\u554f\u3044\u5408\u308f\u305b \u3054\u76f8\u8ac7\u30fb\u304a\u554f\u3044\u5408\u308f\u305b\u306b\u3064\u304d\u307e\u3057\u3066\u306f\u4ee5\u4e0b\u306e\u5fc5\u8981\u4e8b\u9805\u3092\u3054\u5165\u529b\u306e\u4e0a\u3001\u304a\u554f\u3044\u5408\u308f\u305b\u304f\u3060\u3055\u3044\u3002 \u62c5\u5f53\u3088\u308a\u30e1\u30fc\u30eb\u306b\u3066\u8fd4\u4fe1\u3092\u3055\u305b\u3066\u9802\u304d\u307e\u3059\u3002 \uff08[\u5fc5\u9808]\u306f\u5fc5\u9808\u9805\u76ee\u3068\u306a\u308a\u307e\u3059\u3002\uff09<\/p>\n","protected":false},"author":1,"featured_media":446,"parent":0,"menu_order":0,"comment_status":"closed","ping_status":"closed","template":"","meta":{"footnotes":""},"class_list":["post-20","page","type-page","status-publish","has-post-thumbnail","hentry"],"featured_media_urls":{"thumbnail":["http:\/\/www.superinterface.co.jp\/wp-content\/uploads\/2022\/05\/hp1-150x150.png",150,150,true],"medium":["http:\/\/www.superinterface.co.jp\/wp-content\/uploads\/2022\/05\/hp1-300x242.png",300,242,true],"medium_large":["http:\/\/www.superinterface.co.jp\/wp-content\/uploads\/2022\/05\/hp1-768x620.png",768,620,true],"large":["http:\/\/www.superinterface.co.jp\/wp-content\/uploads\/2022\/05\/hp1-1024x826.png",950,766,true],"1536x1536":["http:\/\/www.superinterface.co.jp\/wp-content\/uploads\/2022\/05\/hp1-1536x1239.png",1536,1239,true],"2048x2048":["http:\/\/www.superinterface.co.jp\/wp-content\/uploads\/2022\/05\/hp1-2048x1653.png",2048,1653,true],"inspiro-featured-image":["http:\/\/www.superinterface.co.jp\/wp-content\/uploads\/2022\/05\/hp1-2000x1614.png",2000,1614,true],"inspiro-loop":["http:\/\/www.superinterface.co.jp\/wp-content\/uploads\/2022\/05\/hp1-950x320.png",950,320,true],"inspiro-loop@2x":["http:\/\/www.superinterface.co.jp\/wp-content\/uploads\/2022\/05\/hp1-1900x640.png",1900,640,true],"portfolio_item-thumbnail":["http:\/\/www.superinterface.co.jp\/wp-content\/uploads\/2022\/05\/hp1-600x400.png",600,400,true]},"_links":{"self":[{"href":"http:\/\/www.superinterface.co.jp\/index.php?rest_route=\/wp\/v2\/pages\/20","targetHints":{"allow":["GET"]}}],"collection":[{"href":"http:\/\/www.superinterface.co.jp\/index.php?rest_route=\/wp\/v2\/pages"}],"about":[{"href":"http:\/\/www.superinterface.co.jp\/index.php?rest_route=\/wp\/v2\/types\/page"}],"author":[{"embeddable":true,"href":"http:\/\/www.superinterface.co.jp\/index.php?rest_route=\/wp\/v2\/users\/1"}],"replies":[{"embeddable":true,"href":"http:\/\/www.superinterface.co.jp\/index.php?rest_route=%2Fwp%2Fv2%2Fcomments&post=20"}],"version-history":[{"count":44,"href":"http:\/\/www.superinterface.co.jp\/index.php?rest_route=\/wp\/v2\/pages\/20\/revisions"}],"predecessor-version":[{"id":1179,"href":"http:\/\/www.superinterface.co.jp\/index.php?rest_route=\/wp\/v2\/pages\/20\/revisions\/1179"}],"wp:featuredmedia":[{"embeddable":true,"href":"http:\/\/www.superinterface.co.jp\/index.php?rest_route=\/wp\/v2\/media\/446"}],"wp:attachment":[{"href":"http:\/\/www.superinterface.co.jp\/index.php?rest_route=%2Fwp%2Fv2%2Fmedia&parent=20"}],"curies":[{"name":"wp","href":"https:\/\/api.w.org\/{rel}","templated":true}]}}